{"id":1990,"date":"2018-07-27T08:30:20","date_gmt":"2018-07-27T06:30:20","guid":{"rendered":"https:\/\/archiwum.festiwalkresow.pl\/?page_id=1990"},"modified":"2018-08-07T17:24:24","modified_gmt":"2018-08-07T15:24:24","slug":"fotorelacja-2018","status":"publish","type":"page","link":"https:\/\/archiwum.festiwalkresow.pl\/index.php\/fotorelacja-2018\/","title":{"rendered":"FOTORELACJA 2018"},"content":{"rendered":"<p style=\"text-align: center;\"><strong>Galerie zdj\u0119\u0107 w wydarze\u0144 2018 roku.<\/strong><\/p>\n<p><a href=\"https:\/\/archiwum.festiwalkresow.pl\/index.php\/2018\/08\/07\/koncerty-i-wystepy-artystyczne\/\"><img decoding=\"async\" class=\"size-large wp-image-2068\" src=\"https:\/\/archiwum.festiwalkresow.pl\/wp-content\/uploads\/2018\/08\/a_0672.jpg\" alt=\"\" \/><\/a> Wyst\u0119py artystyczne i wydarzenie z festiwalowej sceny<\/p>\n<p><a href=\"https:\/\/archiwum.festiwalkresow.pl\/index.php\/2018\/08\/07\/rozstrzygniecie-konkursow-kulinarnych-i-wreczenie-pamiatek\/\"><img decoding=\"async\" class=\"size-large wp-image-2068\" src=\"https:\/\/archiwum.festiwalkresow.pl\/wp-content\/uploads\/2018\/08\/DSC_5052.jpg\" alt=\"\" \/><\/a> Wr\u0119czenie nagr\u00f3d w konkursach kulinarnych i pami\u0105tek dla partner\u00f3w<\/p>\n<p><a href=\"https:\/\/archiwum.festiwalkresow.pl\/index.php\/2018\/08\/07\/gotowanie-w-gwiazda-tomasz-jakbiak\/\"><img decoding=\"async\" class=\"size-large wp-image-2068\" src=\"https:\/\/archiwum.festiwalkresow.pl\/wp-content\/uploads\/2018\/08\/DSC_4708.jpg\" alt=\"\" \/><\/a> Kulinarne show z Tomaszem Jakubiakiem<\/p>\n<p><a href=\"https:\/\/archiwum.festiwalkresow.pl\/index.php\/2018\/08\/07\/wystawcy-i-festiwalowy-plac-galeria-zdjec\/\"><img decoding=\"async\" class=\"size-large wp-image-2068\" src=\"https:\/\/archiwum.festiwalkresow.pl\/wp-content\/uploads\/2018\/08\/IMG_9125.jpg\" alt=\"\" \/><\/a> Wystawcy i festiwalowy plac w obiektywie<\/p>\n<p><a href=\"https:\/\/archiwum.festiwalkresow.pl\/index.php\/2018\/08\/06\/ekipa-tvp3-rzeszow-goscila-w-baszni-dolnej-foto-video\/\"><img decoding=\"async\" class=\"size-large wp-image-2068\" src=\"https:\/\/archiwum.festiwalkresow.pl\/wp-content\/uploads\/2018\/08\/IMG_9005.jpg\" alt=\"\" \/><\/a> TVP3 Rzesz\u00f3w w Baszni Dolnej<\/p>\n<p><a href=\"https:\/\/archiwum.festiwalkresow.pl\/index.php\/2018\/08\/06\/rodzinne-smaki-podkarpacia-zdjecia\/\"><img decoding=\"async\" class=\"size-large wp-image-2068\" src=\"https:\/\/archiwum.festiwalkresow.pl\/wp-content\/uploads\/2018\/08\/a_0470.jpg\" alt=\"\" \/><\/a> Rodzinne Smaki Podkarpacia<\/p>\n<p><a href=\"https:\/\/archiwum.festiwalkresow.pl\/index.php\/2018\/08\/05\/ormianska-msza-swieta-wybrzmiala-w-lubaczowskiej-konkatedrze\/\"><img decoding=\"async\" class=\"size-large wp-image-2068\" src=\"https:\/\/archiwum.festiwalkresow.pl\/wp-content\/uploads\/2018\/08\/IMG_8900.jpg\" alt=\"\" \/><\/a> Ormia\u0144skokatlicka msza \u015bwi\u0119ta wybrzmia\u0142a w lubaczowskiej Konkatedrze<\/p>\n<p><a href=\"https:\/\/archiwum.festiwalkresow.pl\/index.php\/2018\/08\/04\/aktywna-sobota-na-festiwalu-dziedzictwa-kresow\/\"><img decoding=\"async\" class=\"size-large wp-image-2068\" src=\"https:\/\/archiwum.festiwalkresow.pl\/wp-content\/uploads\/2018\/08\/IMG_8740.jpg\" alt=\"\" \/><\/a> Aktywna sobota na Festiwalu Dziedzictwa Kres\u00f3w<\/p>\n<p><a href=\"https:\/\/archiwum.festiwalkresow.pl\/index.php\/2018\/08\/04\/recital-piesni-ormianskich-w-psm-w-lubaczowie\/\"><img decoding=\"async\" class=\"size-large wp-image-2068\" src=\"https:\/\/archiwum.festiwalkresow.pl\/wp-content\/uploads\/2018\/08\/fdk-ormianie_015.jpg\" alt=\"\" \/><\/a> Recital pie\u015bni ormia\u0144skich w PSM w Lubaczowie<\/p>\n<p><a href=\"https:\/\/archiwum.festiwalkresow.pl\/index.php\/2018\/08\/04\/emigranci-slawomira-mrozka-na-scenie-w-horyncu-zdroju\/\"><img decoding=\"async\" class=\"size-large wp-image-2068\" src=\"https:\/\/archiwum.festiwalkresow.pl\/wp-content\/uploads\/2018\/08\/fdk-emigranci-mrozek-cyrwus_015.jpg\" alt=\"\" \/><\/a> \u201eEmigranci\u201d S\u0142awomira Mro\u017cka na scenie w Hory\u0144cu-Zdroju<\/p>\n<p><a href=\"https:\/\/archiwum.festiwalkresow.pl\/index.php\/2018\/08\/03\/fotorelacja-z-wernisazu-prac-ormianskich-artystow\/\"><img decoding=\"async\" class=\"size-large wp-image-2068\" src=\"https:\/\/archiwum.festiwalkresow.pl\/wp-content\/uploads\/2018\/08\/DSC_4017.jpg\" alt=\"\" \/><\/a> Wernisa\u017c prac ormia\u0144skich artyst\u00f3w: Helen Arut i Suren Vardanian\u201d<\/p>\n<p><a href=\"https:\/\/archiwum.festiwalkresow.pl\/index.php\/2018\/08\/03\/festiwal-dziedzictwa-kresow-takze-w-cieszanowie\/\"><img decoding=\"async\" class=\"size-large wp-image-2068\" src=\"https:\/\/archiwum.festiwalkresow.pl\/wp-content\/uploads\/2018\/08\/fdk-sonanto-koncert-zespolu-wokalno-aktorskiego_004.jpg\" alt=\"\" \/><\/a> Wernisa\u017c wystawy, sesja popularnonaukowa i koncert w Cieszanowie<\/p>\n<p><a href=\"https:\/\/archiwum.festiwalkresow.pl\/index.php\/2018\/08\/03\/strudle-bajgle-piszingery-fotorelacja-z-warsztatow-kulinarnych-dla-dzieci\/\"><img decoding=\"async\" class=\"size-large wp-image-2068\" src=\"https:\/\/archiwum.festiwalkresow.pl\/wp-content\/uploads\/2018\/08\/strudle-bajgle-piszingery-warsztaty-kulinarne-dla-dzieci_028.jpg\" alt=\"\" \/><\/a> \u201eStrudle, bajgle, piszingery\u201d \u2013 warsztaty kulinarne dla dzieci<\/p>\n<p><a href=\"https:\/\/archiwum.festiwalkresow.pl\/index.php\/2018\/08\/02\/za-nami-uroczysta-sesja-rady-gminy-lubaczow-zdjecia\/\"><img decoding=\"async\" class=\"size-large wp-image-2068\" src=\"https:\/\/archiwum.festiwalkresow.pl\/wp-content\/uploads\/2018\/08\/DSC_3742.jpg\" alt=\"\" \/><\/a> Uroczysta Sesja Rady Gminy Lubacz\u00f3w \u201ePi\u0119kna Niepodleg\u0142a Ziemia Lubaczowska\u201d<\/p>\n<p><a href=\"https:\/\/archiwum.festiwalkresow.pl\/index.php\/2018\/07\/31\/gravitas-brusnienskiego-kamienia-sesja-popularnonaukowa\/\"><img decoding=\"async\" class=\"size-large wp-image-2068\" src=\"https:\/\/archiwum.festiwalkresow.pl\/wp-content\/uploads\/2018\/08\/IMG_8547.jpg\" alt=\"\" \/><\/a> \u201eGravitas bru\u015bnie\u0144skiego kamienia\u201d \u2013 za nami sesja popularnonaukowa<\/p>\n<p><a href=\"https:\/\/archiwum.festiwalkresow.pl\/index.php\/2018\/07\/30\/oratarium-wolynskie-wybrzmialo-w-filharmonii-podkarpackiej-im-artura-malawskiego\/\"><img loading=\"lazy\" decoding=\"async\" width=\"1024\" height=\"683\" class=\"size-large wp-image-2068\" src=\"https:\/\/archiwum.festiwalkresow.pl\/wp-content\/uploads\/2018\/07\/IMG_8522-1-1024x683.jpg\" alt=\"\" srcset=\"https:\/\/archiwum.festiwalkresow.pl\/wp-content\/uploads\/2018\/07\/IMG_8522-1-1024x683.jpg 1024w, https:\/\/archiwum.festiwalkresow.pl\/wp-content\/uploads\/2018\/07\/IMG_8522-1-300x200.jpg 300w, https:\/\/archiwum.festiwalkresow.pl\/wp-content\/uploads\/2018\/07\/IMG_8522-1-768x512.jpg 768w, https:\/\/archiwum.festiwalkresow.pl\/wp-content\/uploads\/2018\/07\/IMG_8522-1.jpg 1600w\" sizes=\"auto, (max-width: 1024px) 100vw, 1024px\" \/><\/a> Oratarium Wo\u0142y\u0144skie wybrzmia\u0142o w Filharmonii Podkarpackiej im. Artura Malawskiego<\/p>\n<p><a href=\"https:\/\/archiwum.festiwalkresow.pl\/index.php\/2018\/07\/30\/lubaczow-znowu-przeniosl-sie-w-lata-dwudzieste-lata-trzydzieste\/\"><img decoding=\"async\" class=\"size-large wp-image-2043\" src=\"https:\/\/archiwum.festiwalkresow.pl\/wp-content\/uploads\/2018\/07\/fdk-niedziela_073-1.jpg\" alt=\"\" \/><\/a> Lubacz\u00f3w &#8211; lata dwudzieste, lata trzydzieste<\/p>\n<p><a href=\"https:\/\/archiwum.festiwalkresow.pl\/index.php\/2018\/07\/30\/msza-swieta-kresowa-i-otwarcie-wystawy-wygnaniec-galeria-zdjec\/\"><img loading=\"lazy\" decoding=\"async\" width=\"1024\" height=\"683\" class=\"size-large wp-image-2043\" src=\"https:\/\/archiwum.festiwalkresow.pl\/wp-content\/uploads\/2018\/07\/IMG_8182-1-1024x683.jpg\" alt=\"\" srcset=\"https:\/\/archiwum.festiwalkresow.pl\/wp-content\/uploads\/2018\/07\/IMG_8182-1-1024x683.jpg 1024w, https:\/\/archiwum.festiwalkresow.pl\/wp-content\/uploads\/2018\/07\/IMG_8182-1-300x200.jpg 300w, https:\/\/archiwum.festiwalkresow.pl\/wp-content\/uploads\/2018\/07\/IMG_8182-1-768x512.jpg 768w, https:\/\/archiwum.festiwalkresow.pl\/wp-content\/uploads\/2018\/07\/IMG_8182-1.jpg 1200w\" sizes=\"auto, (max-width: 1024px) 100vw, 1024px\" \/><\/a> Msza \u015awi\u0119ta Kresowa i otwarcie wystawy \u201eWygnaniec\u201d<\/p>\n<p><a href=\"https:\/\/archiwum.festiwalkresow.pl\/index.php\/2018\/07\/28\/astrowidoki-na-lubaczowskim-rynku-zdjecia\/\"><img loading=\"lazy\" decoding=\"async\" width=\"1024\" height=\"683\" class=\"size-large wp-image-1998\" src=\"https:\/\/archiwum.festiwalkresow.pl\/wp-content\/uploads\/2018\/07\/fdk-zacmienie-ksiezyca_006-1024x683.jpg\" alt=\"\" srcset=\"https:\/\/archiwum.festiwalkresow.pl\/wp-content\/uploads\/2018\/07\/fdk-zacmienie-ksiezyca_006-1024x683.jpg 1024w, https:\/\/archiwum.festiwalkresow.pl\/wp-content\/uploads\/2018\/07\/fdk-zacmienie-ksiezyca_006-300x200.jpg 300w, https:\/\/archiwum.festiwalkresow.pl\/wp-content\/uploads\/2018\/07\/fdk-zacmienie-ksiezyca_006-768x512.jpg 768w, https:\/\/archiwum.festiwalkresow.pl\/wp-content\/uploads\/2018\/07\/fdk-zacmienie-ksiezyca_006.jpg 1200w\" sizes=\"auto, (max-width: 1024px) 100vw, 1024px\" \/><\/a> Astrowidoki na lubaczowskim Rynku<\/p>\n<p><a href=\"https:\/\/archiwum.festiwalkresow.pl\/index.php\/2018\/07\/27\/polska-opera-krolewska-wybrzmiala-w-radruzu-zdjecia\/\"><img loading=\"lazy\" decoding=\"async\" width=\"1024\" height=\"683\" class=\"size-large wp-image-1987\" src=\"https:\/\/archiwum.festiwalkresow.pl\/wp-content\/uploads\/2018\/07\/fdk_radruz_010-1-1024x683.jpg\" alt=\"\" srcset=\"https:\/\/archiwum.festiwalkresow.pl\/wp-content\/uploads\/2018\/07\/fdk_radruz_010-1-1024x683.jpg 1024w, https:\/\/archiwum.festiwalkresow.pl\/wp-content\/uploads\/2018\/07\/fdk_radruz_010-1-300x200.jpg 300w, https:\/\/archiwum.festiwalkresow.pl\/wp-content\/uploads\/2018\/07\/fdk_radruz_010-1-768x512.jpg 768w, https:\/\/archiwum.festiwalkresow.pl\/wp-content\/uploads\/2018\/07\/fdk_radruz_010-1.jpg 1200w\" sizes=\"auto, (max-width: 1024px) 100vw, 1024px\" \/><\/a> Polska Opera Kr\u00f3lewska wybrzmia\u0142a w Radru\u017cu \u2013 zdj\u0119cia<\/p>\n","protected":false},"excerpt":{"rendered":"<p>Zach\u0119camy do obejrzenia galerii zdj\u0119\u0107 z XIV edycji Festiwalu Dziedzictwa Kres\u00f3w.<\/p>\n","protected":false},"author":1,"featured_media":2443,"parent":0,"menu_order":0,"comment_status":"closed","ping_status":"closed","template":"","meta":{"om_disable_all_campaigns":false,"_monsterinsights_skip_tracking":false,"_monsterinsights_sitenote_active":false,"_monsterinsights_sitenote_note":"","_monsterinsights_sitenote_category":0,"footnotes":""},"class_list":["post-1990","page","type-page","status-publish","has-post-thumbnail","hentry"],"aioseo_notices":[],"_links":{"self":[{"href":"https:\/\/archiwum.festiwalkresow.pl\/index.php\/wp-json\/wp\/v2\/pages\/1990","targetHints":{"allow":["GET"]}}],"collection":[{"href":"https:\/\/archiwum.festiwalkresow.pl\/index.php\/wp-json\/wp\/v2\/pages"}],"about":[{"href":"https:\/\/archiwum.festiwalkresow.pl\/index.php\/wp-json\/wp\/v2\/types\/page"}],"author":[{"embeddable":true,"href":"https:\/\/archiwum.festiwalkresow.pl\/index.php\/wp-json\/wp\/v2\/users\/1"}],"replies":[{"embeddable":true,"href":"https:\/\/archiwum.festiwalkresow.pl\/index.php\/wp-json\/wp\/v2\/comments?post=1990"}],"version-history":[{"count":24,"href":"https:\/\/archiwum.festiwalkresow.pl\/index.php\/wp-json\/wp\/v2\/pages\/1990\/revisions"}],"predecessor-version":[{"id":2692,"href":"https:\/\/archiwum.festiwalkresow.pl\/index.php\/wp-json\/wp\/v2\/pages\/1990\/revisions\/2692"}],"wp:featuredmedia":[{"embeddable":true,"href":"https:\/\/archiwum.festiwalkresow.pl\/index.php\/wp-json\/wp\/v2\/media\/2443"}],"wp:attachment":[{"href":"https:\/\/archiwum.festiwalkresow.pl\/index.php\/wp-json\/wp\/v2\/media?parent=1990"}],"curies":[{"name":"wp","href":"https:\/\/api.w.org\/{rel}","templated":true}]}}