{"id":4508,"date":"2020-07-07T08:17:58","date_gmt":"2020-07-07T06:17:58","guid":{"rendered":"https:\/\/archiwum.festiwalkresow.pl\/?page_id=4508"},"modified":"2020-12-16T13:38:03","modified_gmt":"2020-12-16T12:38:03","slug":"program-2020","status":"publish","type":"page","link":"https:\/\/archiwum.festiwalkresow.pl\/index.php\/program-2020\/","title":{"rendered":"Program 2020"},"content":{"rendered":"<p><img loading=\"lazy\" decoding=\"async\" class=\"aligncenter  wp-image-4749\" src=\"https:\/\/archiwum.festiwalkresow.pl\/wp-content\/uploads\/2020\/07\/festiwal-logo.jpg\" alt=\"\" width=\"144\" height=\"144\" srcset=\"https:\/\/archiwum.festiwalkresow.pl\/wp-content\/uploads\/2020\/07\/festiwal-logo.jpg 158w, https:\/\/archiwum.festiwalkresow.pl\/wp-content\/uploads\/2020\/07\/festiwal-logo-150x150.jpg 150w\" sizes=\"auto, (max-width: 144px) 100vw, 144px\" \/><\/p>\n<div>\n<p style=\"text-align: center;\"><strong>FESTIWAL DZIEDZICTWA KRES\u00d3W 2020 &#8211; PROGRAM<\/strong><\/p>\n<p><img loading=\"lazy\" decoding=\"async\" class=\"aligncenter size-large wp-image-5721\" src=\"https:\/\/archiwum.festiwalkresow.pl\/wp-content\/uploads\/2020\/12\/2020-NCK_dofinansowanie-1024x263.jpg\" alt=\"\" width=\"710\" height=\"182\" srcset=\"https:\/\/archiwum.festiwalkresow.pl\/wp-content\/uploads\/2020\/12\/2020-NCK_dofinansowanie-1024x263.jpg 1024w, https:\/\/archiwum.festiwalkresow.pl\/wp-content\/uploads\/2020\/12\/2020-NCK_dofinansowanie-300x77.jpg 300w, https:\/\/archiwum.festiwalkresow.pl\/wp-content\/uploads\/2020\/12\/2020-NCK_dofinansowanie-768x197.jpg 768w, https:\/\/archiwum.festiwalkresow.pl\/wp-content\/uploads\/2020\/12\/2020-NCK_dofinansowanie.jpg 1326w\" sizes=\"auto, (max-width: 710px) 100vw, 710px\" \/><\/p>\n<table style=\"border-collapse: collapse; width: 100%;\">\n<tbody>\n<tr>\n<td style=\"width: 19.4737%; text-align: center;\">\u2705<br \/>\npotwierd\u017a udzia\u0142<\/td>\n<td style=\"width: 29.1227%; text-align: center;\">\ud83d\udd34<br \/>\nrelacja na \u017cywo<\/td>\n<td style=\"width: 35.0878%; text-align: center;\">\u23ef<br \/>\nretransmisja<\/td>\n<td style=\"width: 16.3158%; text-align: center;\"><img loading=\"lazy\" decoding=\"async\" class=\"aligncenter  wp-image-4711\" src=\"https:\/\/archiwum.festiwalkresow.pl\/wp-content\/uploads\/2020\/07\/lyzka-01-1024x639.png\" alt=\"\" width=\"51\" height=\"32\" srcset=\"https:\/\/archiwum.festiwalkresow.pl\/wp-content\/uploads\/2020\/07\/lyzka-01-1024x639.png 1024w, https:\/\/archiwum.festiwalkresow.pl\/wp-content\/uploads\/2020\/07\/lyzka-01-300x187.png 300w, https:\/\/archiwum.festiwalkresow.pl\/wp-content\/uploads\/2020\/07\/lyzka-01-768x479.png 768w, https:\/\/archiwum.festiwalkresow.pl\/wp-content\/uploads\/2020\/07\/lyzka-01-340x220.png 340w, https:\/\/archiwum.festiwalkresow.pl\/wp-content\/uploads\/2020\/07\/lyzka-01.png 1069w\" sizes=\"auto, (max-width: 51px) 100vw, 51px\" \/>\u00a0Kresowe Jad\u0142o<\/td>\n<\/tr>\n<\/tbody>\n<\/table>\n<p style=\"text-align: center;\"><strong>PI\u0104TEK, 24.07.2020 r.<\/strong><\/p>\n<p><strong>Lubacz\u00f3w<\/strong>, Rynek Miejski.<\/p>\n<p><strong>Godz.: 17: 00<\/strong> &#8211; \u201eKu nowoczesno\u015bci! Kresy Niepodleg\u0142e 1919- 1939\u201d \u2013 wernisa\u017c wystawy Domu Spotka\u0144 z Histori\u0105 w Warszawie. Spotkanie autorskie z Tomaszem Kub\u0105 Koz\u0142owskim \u2013 kustoszem wystawy. [<a href=\"https:\/\/archiwum.festiwalkresow.pl\/index.php\/2020\/07\/09\/wernisaz-wystawy-plenerowej-domu-spotkan-z-historia-w-warszawie\/\">Wi\u0119cej informacji<\/a>]<\/p>\n<p style=\"text-align: center;\"><span style=\"color: red;\">[WYDARZENIE BEZ UDZIA\u0141U PUBLICZNO\u015aCI]<\/span><\/p>\n<p style=\"text-align: center;\">Obejrzysz na: \ud83d\udd34<a href=\"https:\/\/youtu.be\/VUJHma6lUtU\" target=\"_blank\" rel=\"noopener noreferrer\">YouTube<\/a><\/p>\n<p><strong>Radru\u017c<\/strong>, cerkiew pw. \u015bw. Paraskewy z XVI wieku, wpisana na list\u0119 \u015awiatowego Dziedzictwa UNESCO.<\/p>\n<p><strong>Godz.: 19:00<\/strong> &#8211; \u201ePie\u015bni mi\u0142o\u015bci i wiary &#8211; sakralne pie\u015bni chrze\u015bcija\u0144skie i \u017cydowskie\u201d \u2013 koncert inauguracyjny. Wykonawcy: Jeanette Bo\u017ca\u0142ek- sopran, Irina Bogdanovich &#8211; alt, Rafa\u0142 Bartmi\u0144ski &#8211; tenor, Miros\u0142aw Grabski &#8211; bas, Gerard Edery &#8211; kantor, Agata Kusto &#8211; s\u0142owo wi\u0105\u017c\u0105ce. [<a href=\"https:\/\/archiwum.festiwalkresow.pl\/index.php\/2020\/07\/08\/piesni-milosci-i-wiary-sakralne-piesni-chrzescijanskie-i-zydowskie-w-radruzu\/\">Wi\u0119cej informacji<\/a>]<\/p>\n<p style=\"text-align: center;\"><sup>\u2705 &#8211; <a href=\"https:\/\/archiwum.festiwalkresow.pl\/index.php\/2020\/07\/08\/piesni-milosci-i-wiary-sakralne-piesni-chrzescijanskie-i-zydowskie-w-radruzu\/\">potwierd\u017a udzia\u0142<\/a> \/ Obejrzysz na: \ud83d\udd34<a href=\"https:\/\/tvpstream.vod.tvp.pl\/?channel_id=1604289\" target=\"_blank\" rel=\"noopener noreferrer\">TVP3 Rzesz\u00f3w \/ TVP Stream<\/a> \u23ef <a href=\"https:\/\/www.youtube.com\/channel\/UCiiMm9fTsvCr-ZfctxU5ZFw?\" target=\"_blank\" rel=\"noopener noreferrer\">YouTube<\/a><\/sup><\/p>\n<hr \/>\n<p style=\"text-align: center;\"><strong>SOBOTA, 25.07.2020 r.<a href=\"http:\/\/kresowaosada.pl\"><img loading=\"lazy\" decoding=\"async\" class=\"alignright wp-image-4718 size-full\" src=\"https:\/\/archiwum.festiwalkresow.pl\/wp-content\/uploads\/2020\/07\/kresowa-osada-logo-small-i.jpg\" alt=\"\" width=\"80\" height=\"80\" \/><\/a><\/strong><\/p>\n<p><strong>Basznia Dolna<\/strong>, Kresowa Osada.<\/p>\n<p><img loading=\"lazy\" decoding=\"async\" class=\"aligncenter wp-image-4711\" src=\"https:\/\/archiwum.festiwalkresow.pl\/wp-content\/uploads\/2020\/07\/lyzka-01-1024x639.png\" alt=\"\" width=\"58\" height=\"36\" srcset=\"https:\/\/archiwum.festiwalkresow.pl\/wp-content\/uploads\/2020\/07\/lyzka-01-1024x639.png 1024w, https:\/\/archiwum.festiwalkresow.pl\/wp-content\/uploads\/2020\/07\/lyzka-01-300x187.png 300w, https:\/\/archiwum.festiwalkresow.pl\/wp-content\/uploads\/2020\/07\/lyzka-01-768x479.png 768w, https:\/\/archiwum.festiwalkresow.pl\/wp-content\/uploads\/2020\/07\/lyzka-01.png 1069w\" sizes=\"auto, (max-width: 58px) 100vw, 58px\" \/><\/p>\n<p>Godz.: 11:00 &#8211; \u201eStrudle, bajgle, piszingery\u201d \u2013 przepisy kulinarne dla dzieci.<\/p>\n<p style=\"text-align: center;\"><sup>Obejrzysz fotorelacj\u0119, poznasz przepis.<\/sup><\/p>\n<p>Godz.: 15:00 &#8211; \u201eKresowe smaki\u201d \u2013 gotowanie na \u017cywo z Damianem Kordasem. [<a href=\"https:\/\/archiwum.festiwalkresow.pl\/index.php\/2020\/07\/11\/kresowe-smaki-mlodziez-gotuje-na-zywo-z-damianem-kordasem\/\">Wi\u0119cej informacji<\/a>]<\/p>\n<p style=\"text-align: center;\"><span style=\"color: red;\">[WYDARZENIE BEZ UDZIA\u0141U PUBLICZNO\u015aCI]<\/span><\/p>\n<p style=\"text-align: center;\"><sup>Obejrzysz na: \u23ef <a href=\"https:\/\/www.youtube.com\/channel\/UCiiMm9fTsvCr-ZfctxU5ZFw?\" target=\"_blank\" rel=\"noopener noreferrer\">YouTube<\/a><\/sup><\/p>\n<p><strong>Cieszan\u00f3w<\/strong>, dawna cerkiew greckokatolicka pw. \u015bw. Jerzego.<\/p>\n<p>Godz.: 17:00 &#8211; \u201eKresowe \u015awi\u0105tynie \u2013 Ko\u015bcio\u0142y i klasztory dawnej archidiecezji lwowskiej (1900 \u2013 1939)\u201d \u2013 wernisa\u017c wystawy. [<a href=\"https:\/\/archiwum.festiwalkresow.pl\/index.php\/2020\/07\/13\/wernisaz-wystawy-kresowe-swiatynie-koscioly-i-klasztory-archidiecezji-lwowskiej-1900-1939\/\" target=\"_blank\" rel=\"noopener noreferrer\">Wi\u0119cej informacji<\/a>]<\/p>\n<p style=\"text-align: center;\"><span style=\"color: red;\">[WYDARZENIE BEZ UDZIA\u0141U PUBLICZNO\u015aCI]<\/span><\/p>\n<p style=\"text-align: center;\"><sup>Obejrzysz na: \ud83d\udd34<a href=\"https:\/\/www.youtube.com\/watch?v=YuxUOuydEaY\" target=\"_blank\" rel=\"noopener noreferrer\">YouTube<\/a><\/sup><\/p>\n<p><strong>Cieszan\u00f3w<\/strong>, budynek dawnej synagogi.<\/p>\n<p>Godz.: 17:30 &#8211; \u201eHistoria kresowych miasteczek\u201d- sesja popularnonaukowa. Janusz Mazur &#8211; \u201eKo\u015bci\u00f3\u0142 pw. \u015bw. Marii Magdaleny we Lwowie \u2013 przemiany architektury i wystroju artystycznego\u201d, Tomasz R\u00f3g- \u201eHistoria ko\u015bcio\u0142a pw. \u015bw. Wojciecha w Cieszanowie\u201d. [<a href=\"https:\/\/archiwum.festiwalkresow.pl\/index.php\/2019\/07\/17\/historia-kresowych-miasteczek-w-cieszanowie\/\" target=\"_blank\" rel=\"noopener noreferrer\">Wi\u0119cej informacji<\/a>]<\/p>\n<p style=\"text-align: center;\"><span style=\"color: red;\">[WYDARZENIE BEZ UDZIA\u0141U PUBLICZNO\u015aCI]<\/span><\/p>\n<p style=\"text-align: center;\"><sup>Obejrzysz na: \ud83d\udd34<a href=\"https:\/\/www.youtube.com\/watch?v=BVv9X03yl9Q\" target=\"_blank\" rel=\"noopener noreferrer\">YouTube<\/a><\/sup><\/p>\n<p><strong>Cieszan\u00f3w<\/strong>, ko\u015bci\u00f3\u0142 parafialny pw. \u015bw. Wojciecha.<\/p>\n<p>Godz. 18:45 &#8211; \u201eLaudate\u201d- koncert sakralny w wykonaniu Zespo\u0142u wokalnego \u201eUNANIME\u201d z Rzeszowa pod dyr. dr Anny Marek-Kami\u0144skiej. [<a href=\"https:\/\/archiwum.festiwalkresow.pl\/index.php\/2020\/07\/12\/laudate-koncert-sakralny-w-wykonaniu-zespolu-wokalnego-unanime-z-rzeszowa\/\" rel=\"noopener noreferrer\">Wi\u0119cej informacji<\/a>]<\/p>\n<p style=\"text-align: center;\"><span style=\"color: red;\">[WYDARZENIE BEZ UDZIA\u0141U PUBLICZNO\u015aCI]<\/span><\/p>\n<p style=\"text-align: center;\"><sup>Obejrzysz na: \ud83d\udd34<a href=\"https:\/\/youtu.be\/lhsPoe1O59Y\" target=\"_blank\" rel=\"noopener noreferrer\">YouTube<\/a><\/sup><\/p>\n<hr \/>\n<p style=\"text-align: center;\"><strong>NIEDZIELA, 26.07.2020 r.<\/strong><\/p>\n<p><strong>Lubacz\u00f3w<\/strong>, Konkatedra pw. b\u0142. Jakuba Strzemi\u0119.<\/p>\n<p>Godz.: 13:00 &#8211; Msza \u015awi\u0119ta Kresowa z udzia\u0142em Ch\u00f3ru i Orkiestry Kameralnej \u201eNICOLAUS\u201d pod dyr. Zdzis\u0142awa Magonia. [<a href=\"https:\/\/archiwum.festiwalkresow.pl\/index.php\/2020\/07\/11\/msza-swieta-kresowa-z-udzialem-choru-i-orkiestry-kameralnej-nicolaus\/\">Wi\u0119cej informacji<\/a>]<\/p>\n<p style=\"text-align: center;\"><sup>Obejrzysz na: \ud83d\udd34TV Polonia<\/sup><\/p>\n<p>Godz.: 14:15 &#8211; z\u0142o\u017cenie kwiat\u00f3w pod tablic\u0105 upami\u0119tniaj\u0105c\u0105 pomordowanych, zam\u0119czonych i wyp\u0119dzonych Polak\u00f3w z Kres\u00f3w Po\u0142udniowo-Wschodnich.<\/p>\n<p><strong>Lubacz\u00f3w<\/strong>, skwer obok poczty.<\/p>\n<p>Godz.: 17:00 &#8211; \u201eSpotkanie z kultur\u0105 \u017cydowsk\u0105\u201d, koncert muzyki klezmerskiej w wykonaniu zespo\u0142u\u00a0 \u201eSHOLEM\u201d z Krakowa. [<a href=\"https:\/\/archiwum.festiwalkresow.pl\/index.php\/2020\/07\/06\/spotkanie-z-kultura-zydowska-w-lubaczowie\/\">Wi\u0119cej informacji<\/a>]<\/p>\n<p style=\"text-align: center;\"><span style=\"color: red;\">[WYDARZENIE ODWO\u0141ANE!]<\/span><\/p>\n<p><strong>Lubacz\u00f3w<\/strong>, cerkiew pw. \u015bw. Miko\u0142aja.<\/p>\n<p>Godz.: 20:30 &#8211; Koncert muzyki cerkiewnej w wykonaniu ch\u00f3ru \u201eKAIROS\u201d z Lublina. [<a href=\"https:\/\/archiwum.festiwalkresow.pl\/index.php\/2020\/07\/09\/koncert-muzyki-cerkiewnej-w-wykonaniu-choru-kairos-z-lublina\/\">Wi\u0119cej informacji<\/a>]<\/p>\n<p style=\"text-align: center;\"><span style=\"color: red;\">[WYDARZENIE ODWO\u0141ANE!]<\/span><\/p>\n<hr \/>\n<p style=\"text-align: center;\"><strong>PONIEDZIA\u0141EK, 27.07.2020 r.<\/strong><\/p>\n<p><strong>Lubacz\u00f3w, <\/strong>Miejski Dom Kultury im. A. Sas-Bandrowskiego.<\/p>\n<p>Godz.: 18:00 &#8211; \u201eKresy w polskiej \u015bwiadomo\u015bci narodowej \u2013 dziedzictwo i wsp\u00f3\u0142czesno\u015b\u0107\u201d \u2013 debata i spotkanie dla \u015brodowisk kresowych.<\/p>\n<p>Og\u0142oszenie pilota\u017cowych konkurs\u00f3w: \u201eMoi dziadkowie z Kres\u00f3w\u201d, \u201eNajciekawszy scenariusz lekcji o Kresach\u201d, \u201ePowr\u00f3\u0107my jak za dawnych lat\u201d.<\/p>\n<p style=\"text-align: center;\"><span style=\"color: red;\">[WYDARZENIE BEZ UDZIA\u0141U PUBLICZNO\u015aCI]<\/span><\/p>\n<hr \/>\n<p style=\"text-align: center;\"><strong>WYDARZENIA DODATKOWE ZWI\u0104ZANE Z FESTIWALEM<\/strong>.<\/p>\n<p style=\"text-align: center;\"><strong>WTOREK, 28.07.2020 R.<\/strong><\/p>\n<p><strong>Oleszyce<\/strong>, Ratusz, Miejsko-Gminna Biblioteka Publiczna.<\/p>\n<p>Godz.: 18:00 &#8211; \u201eTo ostatnia niedziela\u2026 Szlagiery tw\u00f3rc\u00f3w z Kres\u00f3w\u201d -prezentacja multimedialna Tomasza Kuby Koz\u0142owskiego ilustrowana muzycznie przez Grzegorza G\u00f3reckiego.<\/p>\n<p style=\"text-align: center;\"><sup>\u2705 &#8211; potwierd\u017a udzia\u0142 \u2193 \u2193 \u2193\u00a0<\/sup><\/p>\n<p>Uwaga: obowi\u0105zuj\u0105 zapisy &#8211; tel. 601 558 527, email: biblioteka@oleszyce.pl.<\/p>\n<p style=\"text-align: center;\"><strong>\u015aRODA, 29.07.2020 R.<\/strong><\/p>\n<p><strong>Lubacz\u00f3w, <\/strong>Miejski Dom Kultury im. A. Sas-Bandrowskiego.<\/p>\n<p>Godz.: 17:00 &#8211; <span style=\"font-weight: 400;\">\u201eOd Moniuszki do Kilara i Niemena. Poczet kompozytor\u00f3w z Kres\u00f3w\u201d- prezentacja multimedialna Tomasza Kuby Koz\u0142owskiego ilustrowana fragmentami utwor\u00f3w muzycznych.<\/span><\/p>\n<p style=\"text-align: center;\"><strong>PI\u0104TEK 31.07.2020 R.<\/strong><\/p>\n<p><strong>Lubacz\u00f3w<\/strong>: Miejski Dom Kultury im. A. Sas-Bandrowskiego, <strong>Horyniec-Zdr\u00f3j<\/strong>: Gminny O\u015brodek Kultury , <strong>Przemy\u015bl<\/strong>,\u00a0Centrum Kulturalne.<\/p>\n<p>Godz.: 19:00 &#8211;\u00a0<span style=\"font-weight: 400;\">Studio Filmowe Lw\u00f3w- projekcje film\u00f3w:<\/span><\/p>\n<p><span style=\"font-weight: 400;\">&#8211; \u201ePokucka Troja\u201d- Re\u017c. Miros\u0142aw Rowicki,<\/span><\/p>\n<p><span style=\"font-weight: 400;\">&#8211; \u201eNie Rzucim Ziemi\u201d- Re\u017c. Karina Wysocza\u0144ska,<\/span><\/p>\n<p><span style=\"font-weight: 400;\">&#8211; \u201eNikt im i\u015b\u0107 nie kaza\u0142\u201d &#8211; Realizacja Aleksander Ku\u015bnierz i Anna Gordijewska. <\/span><\/p>\n<\/div>\n","protected":false},"excerpt":{"rendered":"<p>Program Festiwalu Dziedzictwa Kres\u00f3w 2020.<\/p>\n","protected":false},"author":1,"featured_media":3855,"parent":0,"menu_order":0,"comment_status":"closed","ping_status":"closed","template":"","meta":{"om_disable_all_campaigns":false,"_monsterinsights_skip_tracking":false,"_monsterinsights_sitenote_active":false,"_monsterinsights_sitenote_note":"","_monsterinsights_sitenote_category":0,"footnotes":""},"class_list":["post-4508","page","type-page","status-publish","has-post-thumbnail","hentry"],"aioseo_notices":[],"_links":{"self":[{"href":"https:\/\/archiwum.festiwalkresow.pl\/index.php\/wp-json\/wp\/v2\/pages\/4508","targetHints":{"allow":["GET"]}}],"collection":[{"href":"https:\/\/archiwum.festiwalkresow.pl\/index.php\/wp-json\/wp\/v2\/pages"}],"about":[{"href":"https:\/\/archiwum.festiwalkresow.pl\/index.php\/wp-json\/wp\/v2\/types\/page"}],"author":[{"embeddable":true,"href":"https:\/\/archiwum.festiwalkresow.pl\/index.php\/wp-json\/wp\/v2\/users\/1"}],"replies":[{"embeddable":true,"href":"https:\/\/archiwum.festiwalkresow.pl\/index.php\/wp-json\/wp\/v2\/comments?post=4508"}],"version-history":[{"count":141,"href":"https:\/\/archiwum.festiwalkresow.pl\/index.php\/wp-json\/wp\/v2\/pages\/4508\/revisions"}],"predecessor-version":[{"id":5723,"href":"https:\/\/archiwum.festiwalkresow.pl\/index.php\/wp-json\/wp\/v2\/pages\/4508\/revisions\/5723"}],"wp:featuredmedia":[{"embeddable":true,"href":"https:\/\/archiwum.festiwalkresow.pl\/index.php\/wp-json\/wp\/v2\/media\/3855"}],"wp:attachment":[{"href":"https:\/\/archiwum.festiwalkresow.pl\/index.php\/wp-json\/wp\/v2\/media?parent=4508"}],"curies":[{"name":"wp","href":"https:\/\/api.w.org\/{rel}","templated":true}]}}