{"id":4922,"date":"2020-07-24T15:11:01","date_gmt":"2020-07-24T13:11:01","guid":{"rendered":"https:\/\/archiwum.festiwalkresow.pl\/?page_id=4922"},"modified":"2020-07-27T11:29:54","modified_gmt":"2020-07-27T09:29:54","slug":"fotorelacje-2020","status":"publish","type":"page","link":"https:\/\/archiwum.festiwalkresow.pl\/index.php\/historia\/fotorelacje-2020\/","title":{"rendered":"FOTORELACJE 2020"},"content":{"rendered":"\n<p class=\"has-text-align-center\"><strong>Zach\u0119camy do obejrzenia galerii zdj\u0119\u0107 z wydarze\u0144 w 2020 roku.<\/strong><\/p>\n\n\n\n<p class=\"has-text-align-center\">Z\u0142o\u017cenie kwiat\u00f3w pod tablic\u0105 upami\u0119tniaj\u0105c\u0105 pomordowanych, zam\u0119czonych i wyp\u0119dzonych Polak\u00f3w z Kres\u00f3w Po\u0142udniowo-Wschodnich.<\/p>\n\n\n\n<figure class=\"wp-block-image size-large\"><a href=\"https:\/\/archiwum.festiwalkresow.pl\/index.php\/2020\/07\/27\/zlozenie-kwiatow-pod-tablica-przy-konkatedrze\/\"><img loading=\"lazy\" decoding=\"async\" width=\"1024\" height=\"684\" src=\"https:\/\/archiwum.festiwalkresow.pl\/wp-content\/uploads\/2020\/07\/DSC_4598-1-1024x684.jpg\" alt=\"\" class=\"wp-image-5498\" srcset=\"https:\/\/archiwum.festiwalkresow.pl\/wp-content\/uploads\/2020\/07\/DSC_4598-1-1024x684.jpg 1024w, https:\/\/archiwum.festiwalkresow.pl\/wp-content\/uploads\/2020\/07\/DSC_4598-1-300x200.jpg 300w, https:\/\/archiwum.festiwalkresow.pl\/wp-content\/uploads\/2020\/07\/DSC_4598-1-768x513.jpg 768w, https:\/\/archiwum.festiwalkresow.pl\/wp-content\/uploads\/2020\/07\/DSC_4598-1-1536x1025.jpg 1536w, https:\/\/archiwum.festiwalkresow.pl\/wp-content\/uploads\/2020\/07\/DSC_4598-1.jpg 1600w\" sizes=\"auto, (max-width: 1024px) 100vw, 1024px\" \/><\/a><\/figure>\n\n\n\n<p class=\"has-text-align-center\">Msza \u015awi\u0119ta Kresowa w lubaczowskiej Konkatedrze.<\/p>\n\n\n\n<figure class=\"wp-block-image size-large\"><a href=\"https:\/\/archiwum.festiwalkresow.pl\/index.php\/2020\/07\/27\/msza-swieta-kresowa-w-lubaczowskiej-konkatedrze\/\"><img loading=\"lazy\" decoding=\"async\" width=\"1024\" height=\"684\" src=\"https:\/\/archiwum.festiwalkresow.pl\/wp-content\/uploads\/2020\/07\/DSC_4494-1-1024x684.jpg\" alt=\"\" class=\"wp-image-5190\" srcset=\"https:\/\/archiwum.festiwalkresow.pl\/wp-content\/uploads\/2020\/07\/DSC_4494-1-1024x684.jpg 1024w, https:\/\/archiwum.festiwalkresow.pl\/wp-content\/uploads\/2020\/07\/DSC_4494-1-300x200.jpg 300w, https:\/\/archiwum.festiwalkresow.pl\/wp-content\/uploads\/2020\/07\/DSC_4494-1-768x513.jpg 768w, https:\/\/archiwum.festiwalkresow.pl\/wp-content\/uploads\/2020\/07\/DSC_4494-1-1536x1025.jpg 1536w, https:\/\/archiwum.festiwalkresow.pl\/wp-content\/uploads\/2020\/07\/DSC_4494-1.jpg 1600w\" sizes=\"auto, (max-width: 1024px) 100vw, 1024px\" \/><\/a><\/figure>\n\n\n\n<p class=\"has-text-align-center\">\u201eLaudate\u201d- koncert sakralny w wykonaniu Zespo\u0142u wokalnego \u201eUNANIME\u201d z Rzeszowa.<\/p>\n\n\n\n<figure class=\"wp-block-image size-large\"><a href=\"https:\/\/archiwum.festiwalkresow.pl\/index.php\/2020\/07\/26\/laudate-koncert-sakralny-w-wykonaniu-zespolu-wokalnego-unanime-z-rzeszowa-2\/\"><img loading=\"lazy\" decoding=\"async\" width=\"1024\" height=\"682\" src=\"https:\/\/archiwum.festiwalkresow.pl\/wp-content\/uploads\/2020\/07\/IMG_2746-2-1024x682.jpg\" alt=\"\" class=\"wp-image-5265\" srcset=\"https:\/\/archiwum.festiwalkresow.pl\/wp-content\/uploads\/2020\/07\/IMG_2746-2-1024x682.jpg 1024w, https:\/\/archiwum.festiwalkresow.pl\/wp-content\/uploads\/2020\/07\/IMG_2746-2-300x200.jpg 300w, https:\/\/archiwum.festiwalkresow.pl\/wp-content\/uploads\/2020\/07\/IMG_2746-2-768x512.jpg 768w, https:\/\/archiwum.festiwalkresow.pl\/wp-content\/uploads\/2020\/07\/IMG_2746-2.jpg 1400w\" sizes=\"auto, (max-width: 1024px) 100vw, 1024px\" \/><\/a><\/figure>\n\n\n\n<p class=\"has-text-align-center\">\u201eHistoria kresowych miasteczek\u201d- sesja popularnonaukowa.<\/p>\n\n\n\n<figure class=\"wp-block-image size-large\"><a href=\"https:\/\/archiwum.festiwalkresow.pl\/index.php\/2020\/07\/26\/historia-kresowych-miasteczek-sesja-popularnonaukowa\/\"><img loading=\"lazy\" decoding=\"async\" width=\"1024\" height=\"682\" src=\"https:\/\/archiwum.festiwalkresow.pl\/wp-content\/uploads\/2020\/07\/IMG_2625-1-1024x682.jpg\" alt=\"\" class=\"wp-image-5454\" srcset=\"https:\/\/archiwum.festiwalkresow.pl\/wp-content\/uploads\/2020\/07\/IMG_2625-1-1024x682.jpg 1024w, https:\/\/archiwum.festiwalkresow.pl\/wp-content\/uploads\/2020\/07\/IMG_2625-1-300x200.jpg 300w, https:\/\/archiwum.festiwalkresow.pl\/wp-content\/uploads\/2020\/07\/IMG_2625-1-768x512.jpg 768w, https:\/\/archiwum.festiwalkresow.pl\/wp-content\/uploads\/2020\/07\/IMG_2625-1.jpg 1400w\" sizes=\"auto, (max-width: 1024px) 100vw, 1024px\" \/><\/a><\/figure>\n\n\n\n<p class=\"has-text-align-center\">Wernisa\u017c wystawy \u201eKresowe \u015bwi\u0105tynie. Ko\u015bcio\u0142y i klasztory archidiecezji lwowskiej (1900 \u2013 1939)\u201d.<\/p>\n\n\n\n<figure class=\"wp-block-image size-large\"><a href=\"https:\/\/archiwum.festiwalkresow.pl\/index.php\/2020\/07\/26\/kresowe-swiatynie-koscioly-i-klasztory-dawnej-archidiecezji-lwowskiej-1900-1939-wernisaz-wystawy\/\"><img loading=\"lazy\" decoding=\"async\" width=\"1024\" height=\"683\" src=\"https:\/\/archiwum.festiwalkresow.pl\/wp-content\/uploads\/2020\/07\/IMG_2575-1-1024x683.jpg\" alt=\"\" class=\"wp-image-5263\" srcset=\"https:\/\/archiwum.festiwalkresow.pl\/wp-content\/uploads\/2020\/07\/IMG_2575-1-1024x683.jpg 1024w, https:\/\/archiwum.festiwalkresow.pl\/wp-content\/uploads\/2020\/07\/IMG_2575-1-300x200.jpg 300w, https:\/\/archiwum.festiwalkresow.pl\/wp-content\/uploads\/2020\/07\/IMG_2575-1-768x512.jpg 768w, https:\/\/archiwum.festiwalkresow.pl\/wp-content\/uploads\/2020\/07\/IMG_2575-1.jpg 1200w\" sizes=\"auto, (max-width: 1024px) 100vw, 1024px\" \/><\/a><\/figure>\n\n\n\n<p class=\"has-text-align-center\">\u201eKresowe smaki\u201d \u2013 gotowanie na \u017cywo z Damianem Kordasem.<\/p>\n\n\n\n<figure class=\"wp-block-image size-large\"><a href=\"https:\/\/archiwum.festiwalkresow.pl\/index.php\/2020\/07\/25\/kresowe-smaki-gotowanie-na-zywo-z-damianem-kordasem\/\"><img loading=\"lazy\" decoding=\"async\" width=\"1024\" height=\"682\" src=\"https:\/\/archiwum.festiwalkresow.pl\/wp-content\/uploads\/2020\/07\/IMG_2496-1-1024x682.jpg\" alt=\"\" class=\"wp-image-5435\" srcset=\"https:\/\/archiwum.festiwalkresow.pl\/wp-content\/uploads\/2020\/07\/IMG_2496-1-1024x682.jpg 1024w, https:\/\/archiwum.festiwalkresow.pl\/wp-content\/uploads\/2020\/07\/IMG_2496-1-300x200.jpg 300w, https:\/\/archiwum.festiwalkresow.pl\/wp-content\/uploads\/2020\/07\/IMG_2496-1-768x512.jpg 768w, https:\/\/archiwum.festiwalkresow.pl\/wp-content\/uploads\/2020\/07\/IMG_2496-1.jpg 1400w\" sizes=\"auto, (max-width: 1024px) 100vw, 1024px\" \/><\/a><\/figure>\n\n\n\n<p class=\"has-text-align-center\">Warsztaty kulinarne \u201eStrudle, bajgle, piszingery\u201d.<\/p>\n\n\n\n<figure class=\"wp-block-image size-large\"><a href=\"https:\/\/archiwum.festiwalkresow.pl\/index.php\/2020\/07\/25\/warsztaty-kulinarne-strudle-bajgle-piszingery\/\"><img loading=\"lazy\" decoding=\"async\" width=\"1024\" height=\"682\" src=\"https:\/\/archiwum.festiwalkresow.pl\/wp-content\/uploads\/2020\/07\/IMG_2312-1-1024x682.jpg\" alt=\"\" class=\"wp-image-5373\" srcset=\"https:\/\/archiwum.festiwalkresow.pl\/wp-content\/uploads\/2020\/07\/IMG_2312-1-1024x682.jpg 1024w, https:\/\/archiwum.festiwalkresow.pl\/wp-content\/uploads\/2020\/07\/IMG_2312-1-300x200.jpg 300w, https:\/\/archiwum.festiwalkresow.pl\/wp-content\/uploads\/2020\/07\/IMG_2312-1-768x512.jpg 768w, https:\/\/archiwum.festiwalkresow.pl\/wp-content\/uploads\/2020\/07\/IMG_2312-1.jpg 1400w\" sizes=\"auto, (max-width: 1024px) 100vw, 1024px\" \/><\/a><\/figure>\n\n\n\n<p class=\"has-text-align-center\">Koncert \u201ePie\u015bni mi\u0142o\u015bci i wiary \u2013 sakralne pie\u015bni chrze\u015bcija\u0144skie i \u017cydowskie\u201d w Radru\u017cu.<\/p>\n\n\n\n<figure class=\"wp-block-image size-large\"><a href=\"https:\/\/archiwum.festiwalkresow.pl\/index.php\/2020\/07\/25\/piesni-milosci-i-wiary-sakralne-piesni-chrzescijanskie-i-zydowskie-koncert-w-radruzu\/\"><img loading=\"lazy\" decoding=\"async\" width=\"1024\" height=\"684\" src=\"https:\/\/archiwum.festiwalkresow.pl\/wp-content\/uploads\/2020\/07\/DSC_3773-2-1024x684.jpg\" alt=\"\" class=\"wp-image-5112\" srcset=\"https:\/\/archiwum.festiwalkresow.pl\/wp-content\/uploads\/2020\/07\/DSC_3773-2-1024x684.jpg 1024w, https:\/\/archiwum.festiwalkresow.pl\/wp-content\/uploads\/2020\/07\/DSC_3773-2-300x200.jpg 300w, https:\/\/archiwum.festiwalkresow.pl\/wp-content\/uploads\/2020\/07\/DSC_3773-2-768x513.jpg 768w, https:\/\/archiwum.festiwalkresow.pl\/wp-content\/uploads\/2020\/07\/DSC_3773-2-1536x1025.jpg 1536w, https:\/\/archiwum.festiwalkresow.pl\/wp-content\/uploads\/2020\/07\/DSC_3773-2.jpg 1600w\" sizes=\"auto, (max-width: 1024px) 100vw, 1024px\" \/><\/a><\/figure>\n\n\n\n<p class=\"has-text-align-center\">Inauguracja Festiwalu i wernisa\u017c wystawy \u201eKu nowoczesno\u015bci! Kresy Niepodleg\u0142e 1919- 1939\u201d na lubaczowskim Rynku.<\/p>\n\n\n\n<figure class=\"wp-block-image size-large\"><a href=\"https:\/\/archiwum.festiwalkresow.pl\/index.php\/2020\/07\/24\/inauguracja-festiwalu-i-wernisaz-wystawy-na-lubaczowskim-rynku\/\"><img loading=\"lazy\" decoding=\"async\" width=\"1024\" height=\"678\" src=\"https:\/\/archiwum.festiwalkresow.pl\/wp-content\/uploads\/2020\/07\/DSC_9712-1-1024x678.jpg\" alt=\"\" class=\"wp-image-4953\" srcset=\"https:\/\/archiwum.festiwalkresow.pl\/wp-content\/uploads\/2020\/07\/DSC_9712-1-1024x678.jpg 1024w, https:\/\/archiwum.festiwalkresow.pl\/wp-content\/uploads\/2020\/07\/DSC_9712-1-300x199.jpg 300w, https:\/\/archiwum.festiwalkresow.pl\/wp-content\/uploads\/2020\/07\/DSC_9712-1-768x509.jpg 768w, https:\/\/archiwum.festiwalkresow.pl\/wp-content\/uploads\/2020\/07\/DSC_9712-1-1536x1018.jpg 1536w, https:\/\/archiwum.festiwalkresow.pl\/wp-content\/uploads\/2020\/07\/DSC_9712-1.jpg 1600w\" sizes=\"auto, (max-width: 1024px) 100vw, 1024px\" \/><\/a><\/figure>\n","protected":false},"excerpt":{"rendered":"<p>Zach\u0119camy do obejrzenia galerii zdj\u0119\u0107 z wydarze\u0144 zorganizowanych w ramach Festiwalu Dziedzictwa Kres\u00f3w w 2020 roku.<\/p>\n","protected":false},"author":1,"featured_media":4923,"parent":4,"menu_order":0,"comment_status":"closed","ping_status":"closed","template":"","meta":{"om_disable_all_campaigns":false,"_monsterinsights_skip_tracking":false,"_monsterinsights_sitenote_active":false,"_monsterinsights_sitenote_note":"","_monsterinsights_sitenote_category":0,"footnotes":""},"class_list":["post-4922","page","type-page","status-publish","has-post-thumbnail","hentry"],"aioseo_notices":[],"_links":{"self":[{"href":"https:\/\/archiwum.festiwalkresow.pl\/index.php\/wp-json\/wp\/v2\/pages\/4922","targetHints":{"allow":["GET"]}}],"collection":[{"href":"https:\/\/archiwum.festiwalkresow.pl\/index.php\/wp-json\/wp\/v2\/pages"}],"about":[{"href":"https:\/\/archiwum.festiwalkresow.pl\/index.php\/wp-json\/wp\/v2\/types\/page"}],"author":[{"embeddable":true,"href":"https:\/\/archiwum.festiwalkresow.pl\/index.php\/wp-json\/wp\/v2\/users\/1"}],"replies":[{"embeddable":true,"href":"https:\/\/archiwum.festiwalkresow.pl\/index.php\/wp-json\/wp\/v2\/comments?post=4922"}],"version-history":[{"count":13,"href":"https:\/\/archiwum.festiwalkresow.pl\/index.php\/wp-json\/wp\/v2\/pages\/4922\/revisions"}],"predecessor-version":[{"id":5501,"href":"https:\/\/archiwum.festiwalkresow.pl\/index.php\/wp-json\/wp\/v2\/pages\/4922\/revisions\/5501"}],"up":[{"embeddable":true,"href":"https:\/\/archiwum.festiwalkresow.pl\/index.php\/wp-json\/wp\/v2\/pages\/4"}],"wp:featuredmedia":[{"embeddable":true,"href":"https:\/\/archiwum.festiwalkresow.pl\/index.php\/wp-json\/wp\/v2\/media\/4923"}],"wp:attachment":[{"href":"https:\/\/archiwum.festiwalkresow.pl\/index.php\/wp-json\/wp\/v2\/media?parent=4922"}],"curies":[{"name":"wp","href":"https:\/\/api.w.org\/{rel}","templated":true}]}}