{"id":57,"date":"2016-03-21T13:49:08","date_gmt":"2016-03-21T12:49:08","guid":{"rendered":"http:\/\/festiwal.kresowakraina.pl\/?page_id=57"},"modified":"2016-07-08T08:38:54","modified_gmt":"2016-07-08T06:38:54","slug":"festiwal-2014","status":"publish","type":"page","link":"https:\/\/archiwum.festiwalkresow.pl\/index.php\/historia\/festiwal-2014\/","title":{"rendered":"Festiwal 2014"},"content":{"rendered":"<p style=\"text-align: center;\"><a href=\"http:\/\/lubaczow.com.pl\/index.php?id=;17;1;1882;a;2014;7\">Festiwal Kultur i\u00a0Kresowego Jad\u0142a &#8211; 3 sierpnia 2014- zapowied\u017a<\/a><br \/>\n<a href=\"http:\/\/lubaczow.com.pl\/index.php?id=;17;1;1877;a;2014;7\">Zapowied\u017a konkursu kulinarnego<\/a><br \/>\n<a href=\"http:\/\/lubaczow.com.pl\/index.php?id=;17;1;1890;a;2014;8\">X Festiwal Kultur i\u00a0Kresowego Jad\u0142a &#8211; relacja i\u00a0galeria<\/a><br \/>\n<a href=\"http:\/\/www.radiozamosc.pl\/wiadomosc,822,x-festiwal-kultur-i-kresowego-jadla-podsumowanie.html\" target=\"_blank\">Podsumowanie i\u00a0galeria zdj\u0119\u0107 &#8211; Katolickie Radio Zamo\u015b\u0107<\/a><br \/>\n<a href=\"http:\/\/www.elubaczow.com\/2014\/08\/13\/festiwal-kultur-i-kresowego-jadla-w-obiektywie-zobacz-zdjecia\/\" target=\"_blank\">Galeria zdj\u0119\u0107 z\u00a0festiwalu<\/a> i\u00a0<a href=\"http:\/\/www.elubaczow.com\/2014\/08\/05\/swietny-koncert-ani-wyszkoni-podczas-festiwalu-kultur-i-kresowego-jadla-zdjecia\/\" target=\"_blank\">koncertu Ani Wyszjkoni <\/a>&#8211; elubaczow.com<br \/>\n<a href=\"http:\/\/www.lubaczow.tv\/pl\/42531\/137360\/Festiwal_Kultur_i_Kresowego_Jadla_Basznia_Dolna_03.08.2014.html\" target=\"_blank\">Relacja TV Lubacz\u00f3w<\/a><\/p>\n","protected":false},"excerpt":{"rendered":"<p>Festiwal Kultur i\u00a0Kresowego Jad\u0142a &#8211; 3 sierpnia 2014- zapowied\u017a Zapowied\u017a konkursu kulinarnego X Festiwal Kultur i\u00a0Kresowego Jad\u0142a &#8211; relacja i\u00a0galeria Podsumowanie i\u00a0galeria zdj\u0119\u0107 &#8211; Katolickie Radio Zamo\u015b\u0107 Galeria zdj\u0119\u0107 z\u00a0festiwalu i\u00a0koncertu Ani Wyszjkoni &#8211; elubaczow.com [&hellip;]<\/p>\n","protected":false},"author":1,"featured_media":0,"parent":4,"menu_order":0,"comment_status":"closed","ping_status":"closed","template":"","meta":{"om_disable_all_campaigns":false,"_monsterinsights_skip_tracking":false,"_monsterinsights_sitenote_active":false,"_monsterinsights_sitenote_note":"","_monsterinsights_sitenote_category":0,"footnotes":""},"class_list":["post-57","page","type-page","status-publish","hentry"],"aioseo_notices":[],"_links":{"self":[{"href":"https:\/\/archiwum.festiwalkresow.pl\/index.php\/wp-json\/wp\/v2\/pages\/57","targetHints":{"allow":["GET"]}}],"collection":[{"href":"https:\/\/archiwum.festiwalkresow.pl\/index.php\/wp-json\/wp\/v2\/pages"}],"about":[{"href":"https:\/\/archiwum.festiwalkresow.pl\/index.php\/wp-json\/wp\/v2\/types\/page"}],"author":[{"embeddable":true,"href":"https:\/\/archiwum.festiwalkresow.pl\/index.php\/wp-json\/wp\/v2\/users\/1"}],"replies":[{"embeddable":true,"href":"https:\/\/archiwum.festiwalkresow.pl\/index.php\/wp-json\/wp\/v2\/comments?post=57"}],"version-history":[{"count":5,"href":"https:\/\/archiwum.festiwalkresow.pl\/index.php\/wp-json\/wp\/v2\/pages\/57\/revisions"}],"predecessor-version":[{"id":394,"href":"https:\/\/archiwum.festiwalkresow.pl\/index.php\/wp-json\/wp\/v2\/pages\/57\/revisions\/394"}],"up":[{"embeddable":true,"href":"https:\/\/archiwum.festiwalkresow.pl\/index.php\/wp-json\/wp\/v2\/pages\/4"}],"wp:attachment":[{"href":"https:\/\/archiwum.festiwalkresow.pl\/index.php\/wp-json\/wp\/v2\/media?parent=57"}],"curies":[{"name":"wp","href":"https:\/\/api.w.org\/{rel}","templated":true}]}}