{"id":58,"date":"2016-03-21T13:49:20","date_gmt":"2016-03-21T12:49:20","guid":{"rendered":"http:\/\/festiwal.kresowakraina.pl\/?page_id=58"},"modified":"2016-07-08T08:36:07","modified_gmt":"2016-07-08T06:36:07","slug":"festiwal-2013","status":"publish","type":"page","link":"https:\/\/archiwum.festiwalkresow.pl\/index.php\/historia\/festiwal-2013\/","title":{"rendered":"Festiwal 2013"},"content":{"rendered":"<p style=\"text-align: center;\"><a href=\"http:\/\/lubaczow.com.pl\/index.php?id=;17;1;1543;a;2013;8\" target=\"_blank\">Festiwal Kultur i\u00a0Kresowego Jad\u0142a &#8211; Galeria<\/a><\/p>\n<p style=\"text-align: center;\"><a href=\"http:\/\/lubaczow.com.pl\/index.php?id=;17;1;1545;a;2013;8\" target=\"_blank\">Rajd \u201eRowerem za \u2026Kr\u00f3lem Janem i\u00a0Kr\u00f3low\u0105 Marysie\u0144k\u0105\u201d<\/a><\/p>\n","protected":false},"excerpt":{"rendered":"<p>Festiwal Kultur i\u00a0Kresowego Jad\u0142a &#8211; Galeria Rajd \u201eRowerem za \u2026Kr\u00f3lem Janem i\u00a0Kr\u00f3low\u0105 Marysie\u0144k\u0105\u201d<\/p>\n","protected":false},"author":1,"featured_media":297,"parent":4,"menu_order":0,"comment_status":"closed","ping_status":"closed","template":"","meta":{"om_disable_all_campaigns":false,"_monsterinsights_skip_tracking":false,"_monsterinsights_sitenote_active":false,"_monsterinsights_sitenote_note":"","_monsterinsights_sitenote_category":0,"footnotes":""},"class_list":["post-58","page","type-page","status-publish","has-post-thumbnail","hentry"],"aioseo_notices":[],"_links":{"self":[{"href":"https:\/\/archiwum.festiwalkresow.pl\/index.php\/wp-json\/wp\/v2\/pages\/58","targetHints":{"allow":["GET"]}}],"collection":[{"href":"https:\/\/archiwum.festiwalkresow.pl\/index.php\/wp-json\/wp\/v2\/pages"}],"about":[{"href":"https:\/\/archiwum.festiwalkresow.pl\/index.php\/wp-json\/wp\/v2\/types\/page"}],"author":[{"embeddable":true,"href":"https:\/\/archiwum.festiwalkresow.pl\/index.php\/wp-json\/wp\/v2\/users\/1"}],"replies":[{"embeddable":true,"href":"https:\/\/archiwum.festiwalkresow.pl\/index.php\/wp-json\/wp\/v2\/comments?post=58"}],"version-history":[{"count":4,"href":"https:\/\/archiwum.festiwalkresow.pl\/index.php\/wp-json\/wp\/v2\/pages\/58\/revisions"}],"predecessor-version":[{"id":391,"href":"https:\/\/archiwum.festiwalkresow.pl\/index.php\/wp-json\/wp\/v2\/pages\/58\/revisions\/391"}],"up":[{"embeddable":true,"href":"https:\/\/archiwum.festiwalkresow.pl\/index.php\/wp-json\/wp\/v2\/pages\/4"}],"wp:featuredmedia":[{"embeddable":true,"href":"https:\/\/archiwum.festiwalkresow.pl\/index.php\/wp-json\/wp\/v2\/media\/297"}],"wp:attachment":[{"href":"https:\/\/archiwum.festiwalkresow.pl\/index.php\/wp-json\/wp\/v2\/media?parent=58"}],"curies":[{"name":"wp","href":"https:\/\/api.w.org\/{rel}","templated":true}]}}